{"id":57,"date":"2024-05-20T15:18:56","date_gmt":"2024-05-20T15:18:56","guid":{"rendered":"https:\/\/new.forumenlinea.com\/?page_id=57"},"modified":"2024-05-20T15:18:56","modified_gmt":"2024-05-20T15:18:56","slug":"directorio","status":"publish","type":"page","link":"https:\/\/forumenlinea.com\/?page_id=57","title":{"rendered":"Directorio"},"content":{"rendered":"<div class=\"WordSection1\" style=\"text-align: center;\"><span style=\"color: #000000;\"><b><span style=\"font-size: 12pt; font-family: 'Arial', sans-serif;\">Director<\/span><\/b><\/span><br \/><span style=\"color: #000000;\"><span style=\"font-size: 12pt; font-family: 'Arial', sans-serif;\">Eduardo Ibarra Aguirre<\/span><\/span><\/div>\n<div class=\"WordSection1\" style=\"text-align: center;\">\n<div><span style=\"font-family: Arial;\"><strong><br \/><span style=\"font-size: 12pt;\">Jefe de Informaci\u00f3n<\/span><\/strong><\/span><\/div>\n<div><span style=\"font-size: 12pt;\">\u00a0<span style=\"font-family: Arial;\">Genaro Rodr\u00edguez Navarrete<\/span><\/span><\/div>\n<p class=\"MsoNormal\" style=\"margin-bottom: 0.0001pt; line-height: normal; text-align: justify;\"><span style=\"color: #000000;\"><span style=\"font-size: 12pt; font-family: 'Arial', sans-serif;\"><b>Agencias<\/b>: <\/span><span style=\"font-size: 12pt; font-family: 'Arial', sans-serif;\">Agencia Latinoamericana de Informaci\u00f3n<\/span><span style=\"font-size: 12pt; font-family: 'Arial', sans-serif;\">, <\/span><span style=\"font-size: 12pt; font-family: 'Arial', sans-serif;\">Am\u00e9rica Latina en Movimiento,\u00a0CIMAC Noticias,\u00a0Cuba Debate, <span class=\"SpellE\">Difunet<\/span>, Mapocho <span class=\"SpellE\">Press<\/span>, <span class=\"SpellE\">Notiese<\/span>,\u00a0Periodistas en Espa\u00f1ol,\u00a0Prensa Latina,\u00a0Red Voltaire, Resumen Latinoamericano\u00a0y del Tercer Mundo,\u00a0<span class=\"SpellE\">Semlac, <\/span>Servicio Especial de la Mujer <\/span><span style=\"font-size: 12pt; font-family: 'Arial', sans-serif;\">y <span class=\"SpellE\">Sputnik<\/span>.<\/span><\/span><\/p>\n<p class=\"MsoNormal\" style=\"margin-bottom: 0.0001pt; line-height: normal; text-align: justify;\"><span style=\"color: #000000;\"><b><span style=\"font-size: 12pt; font-family: 'Arial', sans-serif;\">Colaboradores<\/span><\/b><span style=\"font-size: 12pt; font-family: 'Arial', sans-serif;\">: <\/span><span style=\"font-size: 12pt; font-family: 'Arial', sans-serif;\">Jos\u00e9 Luis Alonso Vargas,<\/span><span style=\"font-size: 12pt; font-family: 'Arial', sans-serif;\"> V\u00edctor Manuel Barcel\u00f3 Rodr\u00edguez, <\/span><span style=\"font-size: 12pt; font-family: 'Arial', sans-serif;\">Mois\u00e9s Edwin Barreda, <\/span><span style=\"font-size: 12pt; font-family: 'Arial', sans-serif;\">Abigail Bello Gallardo, Frei <span class=\"SpellE\">Betto<\/span> <\/span><span style=\"font-size: 12pt; font-family: 'Arial', sans-serif;\">(Carlos Alberto <span class=\"SpellE\">Lib\u00e2nio<\/span> <span class=\"SpellE\">Christo<\/span>),\u00a0<\/span><span style=\"font-size: 12pt; font-family: 'Arial', sans-serif;\">Leonardo <span class=\"SpellE\">Boff<\/span> (<\/span><span class=\"SpellE\"><span style=\"font-size: 12pt; font-family: 'Arial', sans-serif;\">Gen\u00e9sio<\/span><\/span><span style=\"font-size: 12pt; font-family: 'Arial', sans-serif;\"> <span class=\"SpellE\">Darci<\/span> <span class=\"SpellE\">Boff<\/span>)<\/span><span style=\"font-size: 12pt; font-family: 'Arial', sans-serif;\">, <\/span><span style=\"font-size: 12pt; font-family: 'Arial', sans-serif;\">Guillermo Buend\u00eda Hern\u00e1ndez, Ricardo Bravo Anguiano, <\/span><span style=\"font-size: 12pt; font-family: 'Arial', sans-serif;\">Pablo Caba\u00f1as D\u00edaz, <\/span><span style=\"font-size: 12pt; font-family: 'Arial', sans-serif;\">Jos\u00e9 Antonio Crespo Mendoza, <\/span><span style=\"font-size: 12pt; font-family: 'Arial', sans-serif;\">Jes\u00fas Delgado Guerrero, Man\u00fa <span class=\"SpellE\">Dornbierer<\/span> <span class=\"SpellE\">Moch<\/span>, Pedro Echeverr\u00eda <span class=\"SpellE\">V\u00e1rguez<\/span>, Jorge <span class=\"SpellE\">Faljo<\/span> L\u00f3pez, Carlos <span class=\"SpellE\">Fazio<\/span> Varela,\u00a0<\/span> <span style=\"font-size: 12pt; font-family: 'Arial', sans-serif;\">Gerardo Fern\u00e1ndez Casanova, <\/span><span style=\"font-size: 12pt; font-family: 'Arial', sans-serif;\"><span style=\"mso-spacerun: yes;\">\u00a0<\/span><\/span><span style=\"font-size: 12pt; font-family: 'Arial', sans-serif;\">Teresa Gil G\u00e1lvez, Sergio G\u00f3mez Montero, <\/span><span style=\"font-size: 12pt; font-family: 'Arial', sans-serif;\">Francisco G\u00f3mez Maza,<\/span>\u00a0<span style=\"font-size: 12pt; font-family: 'Arial', sans-serif;\">Luis Emiliano Guti\u00e9rrez <span class=\"SpellE\">Poucel<\/span> Santos, Marialuisa I. <span class=\"SpellE\">Erreguerena<\/span>, Luc\u00eda <span class=\"SpellE\">Lagunes<\/span> Huerta, Eduardo L\u00f3pez Betancourt, <\/span><span style=\"font-size: 12pt; font-family: 'Arial', sans-serif;\">Gilberto L\u00f3pez y Rivas,<\/span><span style=\"font-size: 12pt; font-family: 'Arial', sans-serif;\"> Sara Lovera L\u00f3pez, <\/span><span style=\"font-size: 12pt; font-family: 'Arial', sans-serif;\">Yolanda Cristina Massieu Trigo, Jorge Mel\u00e9ndez Preciado, <\/span><span style=\"font-size: 12pt; font-family: 'Arial', sans-serif;\">Humberto <span class=\"SpellE\">Musacchio<\/span> L\u00f3pez, <\/span><span style=\"font-size: 12pt; font-family: 'Arial', sans-serif;\">Ram\u00f3n Ojeda <span class=\"SpellE\">Mestre<\/span>,<\/span> <span style=\"font-size: 12pt; font-family: 'Arial', sans-serif;\">Jos\u00e9 Luis Ortiz Santill\u00e1n, <\/span><span style=\"font-size: 12pt; font-family: 'Arial', sans-serif;\">Carlos Javier Ram\u00edrez<\/span><span style=\"font-size: 12pt; font-family: 'Arial', sans-serif;\">,<\/span><span style=\"font-size: 12pt; font-family: 'Arial', sans-serif;\"> Francisco Rodr\u00edguez Elizondo<\/span><span style=\"font-size: 12pt; font-family: 'Arial', sans-serif;\">, <\/span><span style=\"font-size: 12pt; font-family: 'Arial', sans-serif;\">V\u00edctor Rodr\u00edguez Padilla, <\/span><span style=\"font-size: 12pt; font-family: 'Arial', sans-serif;\">Arturo Sandoval Soto, <\/span><span style=\"font-size: 12pt; font-family: 'Arial', sans-serif;\">Nidia S\u00e1nchez Hern\u00e1ndez y Miguel Valencia <span class=\"SpellE\">Mulkay<\/span>.<\/span><\/span><\/p>\n<p class=\"MsoNormal\" style=\"margin-bottom: 0.0001pt; line-height: normal; text-align: left;\"><span style=\"color: #000000;\"><b><span style=\"font-size: 12pt; font-family: 'Arial', sans-serif;\">Publicidad<\/span><\/b><span style=\"font-size: 12pt; font-family: 'Arial', sans-serif;\">: Eduardo Enrique Camacho Hern\u00e1ndez.<\/span><\/span><\/p>\n<p class=\"MsoNormal\" style=\"margin-bottom: 0.0001pt; line-height: normal; text-align: left;\"><span style=\"color: #000000;\"><b><span style=\"font-size: 12pt; font-family: 'Arial', sans-serif;\">Cartones<\/span><\/b><span style=\"font-size: 12pt; font-family: 'Arial', sans-serif;\">: Al\u00e1n (Francisco Portillo Ruiz)\u00a0y <span class=\"SpellE\">Luy<\/span> (\u00d3scar Manuel <span class=\"SpellE\">Rodriguez<\/span>).<\/span><\/span><\/p>\n<p class=\"MsoNormal\" style=\"margin-bottom: 0.0001pt; line-height: normal; text-align: left;\"><span style=\"color: #000000;\"><b><span style=\"font-size: 12pt; font-family: 'Arial', sans-serif;\">Dise\u00f1o web<\/span><\/b><span style=\"font-size: 12pt; font-family: 'Arial', sans-serif;\">: H\u00e9ctor Qui\u00f1onez Hern\u00e1ndez.<\/span><\/span><\/p>\n<p class=\"MsoNormal\" style=\"margin-bottom: 0.0001pt; line-height: normal; text-align: left;\"><span style=\"color: #000000;\"><b><span style=\"font-size: 12pt; font-family: 'Arial', sans-serif;\">Oficinas<\/span><\/b><span style=\"font-size: 12pt; font-family: 'Arial', sans-serif;\">: Prolongaci\u00f3n Canal Nacional 192, edificio 1-D-40. Colonia Santa Anita. Alcaldia Iztacalco 08300 Ciudad de M\u00e9xico.\u00a0Tel\u00e9fono 55 56 22 38.<\/span><\/span><\/p>\n<p class=\"MsoNormal\" style=\"margin-bottom: 0.0001pt; line-height: normal; text-align: left;\"><span style=\"color: #000000;\"><b><span style=\"font-size: 12pt; font-family: 'Arial', sans-serif;\">Domicilio electr\u00f3nico<\/span><\/b><span style=\"font-size: 12pt; font-family: 'Arial', sans-serif;\">: forum@forumenlina.com<\/span><\/span><\/p>\n<p class=\"MsoNormal\" style=\"margin-bottom: 0.0001pt; line-height: normal; text-align: left;\"><span style=\"color: #000000;\"><b><span style=\"font-size: 12pt; font-family: 'Arial', sans-serif;\">Internet<\/span><\/b><span style=\"font-size: 12pt; font-family: 'Arial', sans-serif;\">:<br \/><\/span><\/span><span style=\"font-size: 12pt; font-family: 'Arial', sans-serif; color: #000000;\"><a href=\"http:\/\/www.securities.com\">www.securities.com<\/a><br \/><a href=\"http:\/\/www.in4mex.com.mx\">www.in4mex.com.mx<\/a><br \/><a href=\"http:\/\/www.forumenlinea.com\/\">www.forumenlinea.com<\/a><br \/><\/span><\/p>\n<p class=\"MsoNormal\" style=\"margin-bottom: 0.0001pt; line-height: normal; text-align: left;\"><span style=\"color: #000000; font-size: 12pt;\"><b style=\"mso-bidi-font-weight: normal;\"><span style=\"font-family: 'Arial', sans-serif;\">Redes sociales<\/span><\/b><\/span><span lang=\"EN-US\" style=\"font-size: 12pt; font-family: 'Arial', sans-serif; color: #000000;\"><a>:<br \/>https:\/\/www.facebook.com\/forumenlinea<br \/><\/a><\/span><span lang=\"EN-US\" style=\"font-size: 12pt; font-family: 'Arial', sans-serif; color: #000000;\"><span style=\"text-decoration: none;\">Twitter<span style=\"color: #000000;\"><span style=\"font-size: 12pt; font-family: 'Arial', sans-serif;\">@<\/span><\/span><a href=\"http:\/\/www.twitter.com\/#%21\/forumenlinea\">forumenlinea<br \/><\/a><\/span><\/span><span class=\"SpellE\" style=\"color: #000000; font-size: 12pt;\"><span style=\"font-family: 'Arial', sans-serif;\">Twitter<a style=\"color: #000000;\" href=\"http:\/\/www.twitter.com\/#%21\/IbarraAguirreEd\" target=\"_blank\" rel=\"noopener noreferrer\"><span style=\"text-decoration: none;\">@IbarraAguirreEd<\/span><\/a><\/span><\/span><\/p>\n<p class=\"MsoNormal\" style=\"margin-bottom: .0001pt; text-align: justify; line-height: normal;\"><span style=\"color: #000000;\">\u00a0<\/span><\/p>\n<p class=\"MsoNormal\" style=\"margin-bottom: .0001pt; text-align: justify; line-height: normal;\">\u00a0<\/p>\n<p class=\"MsoNormal\" style=\"margin-bottom: .0001pt; text-align: justify; line-height: normal;\"><span style=\"color: #000000;\">\u00a0<\/span><\/p>\n<\/div>\n","protected":false},"excerpt":{"rendered":"<p>DirectorEduardo Ibarra Aguirre Jefe de Informaci\u00f3n \u00a0Genaro Rodr\u00edguez Navarrete Agencias: Agencia Latinoamericana de Informaci\u00f3n, Am\u00e9rica Latina en Movimiento,\u00a0CIMAC Noticias,\u00a0Cuba Debate, Difunet, Mapocho Press, Notiese,\u00a0Periodistas en Espa\u00f1ol,\u00a0Prensa Latina,\u00a0Red Voltaire, Resumen Latinoamericano\u00a0y del Tercer Mundo,\u00a0Semlac, Servicio Especial de la Mujer y Sputnik. Colaboradores: Jos\u00e9 Luis Alonso Vargas, V\u00edctor Manuel Barcel\u00f3 Rodr\u00edguez, Mois\u00e9s&#8230;<\/p>\n<div class=\"more-link-wrapper\"><a class=\"more-link\" href=\"https:\/\/forumenlinea.com\/?page_id=57\">Continuar leyendo<span class=\"screen-reader-text\">Directorio<\/span><\/a><\/div>\n","protected":false},"author":1,"featured_media":0,"parent":0,"menu_order":0,"comment_status":"closed","ping_status":"closed","template":"","meta":{"footnotes":""},"class_list":["post-57","page","type-page","status-publish","hentry","entry"],"_links":{"self":[{"href":"https:\/\/forumenlinea.com\/index.php?rest_route=\/wp\/v2\/pages\/57","targetHints":{"allow":["GET"]}}],"collection":[{"href":"https:\/\/forumenlinea.com\/index.php?rest_route=\/wp\/v2\/pages"}],"about":[{"href":"https:\/\/forumenlinea.com\/index.php?rest_route=\/wp\/v2\/types\/page"}],"author":[{"embeddable":true,"href":"https:\/\/forumenlinea.com\/index.php?rest_route=\/wp\/v2\/users\/1"}],"replies":[{"embeddable":true,"href":"https:\/\/forumenlinea.com\/index.php?rest_route=%2Fwp%2Fv2%2Fcomments&post=57"}],"version-history":[{"count":1,"href":"https:\/\/forumenlinea.com\/index.php?rest_route=\/wp\/v2\/pages\/57\/revisions"}],"predecessor-version":[{"id":58,"href":"https:\/\/forumenlinea.com\/index.php?rest_route=\/wp\/v2\/pages\/57\/revisions\/58"}],"wp:attachment":[{"href":"https:\/\/forumenlinea.com\/index.php?rest_route=%2Fwp%2Fv2%2Fmedia&parent=57"}],"curies":[{"name":"wp","href":"https:\/\/api.w.org\/{rel}","templated":true}]}}